{"id":367,"date":"2025-04-15T09:49:17","date_gmt":"2025-04-15T07:49:17","guid":{"rendered":"https:\/\/ladanasha.com\/?page_id=367"},"modified":"2025-10-02T13:16:49","modified_gmt":"2025-10-02T11:16:49","slug":"directions","status":"publish","type":"page","link":"https:\/\/ladanasha.com\/fr\/directions\/","title":{"rendered":"Now, how do we get to La Danasha?"},"content":{"rendered":"<h2 class=\"wp-block-heading has-hedvig-letters-serif-regular-font-family\">Comment venir \u00e0 La Danasha<\/h2>\n\n\n\n<figure class=\"wp-block-image aligncenter size-large is-resized has-custom-border\"><img loading=\"lazy\" decoding=\"async\" width=\"768\" height=\"1024\" src=\"https:\/\/ladanasha.com\/wp-content\/uploads\/2025\/10\/Chemin-des-Champs-768x1024.jpg\" alt=\"\" class=\"wp-image-1017\" style=\"border-width:2px;border-radius:68px;width:350px;height:auto\" srcset=\"https:\/\/ladanasha.com\/wp-content\/uploads\/2025\/10\/Chemin-des-Champs-768x1024.jpg 768w, https:\/\/ladanasha.com\/wp-content\/uploads\/2025\/10\/Chemin-des-Champs-225x300.jpg 225w, https:\/\/ladanasha.com\/wp-content\/uploads\/2025\/10\/Chemin-des-Champs-1152x1536.jpg 1152w, https:\/\/ladanasha.com\/wp-content\/uploads\/2025\/10\/Chemin-des-Champs-9x12.jpg 9w, https:\/\/ladanasha.com\/wp-content\/uploads\/2025\/10\/Chemin-des-Champs.jpg 1530w\" sizes=\"auto, (max-width: 768px) 100vw, 768px\" \/><figcaption class=\"wp-element-caption\">Chemin des Champs \u00e0 Viglain (45600) <\/figcaption><\/figure>\n\n\n\n<p class=\"has-text-color has-link-color has-medium-font-size wp-elements-f9a2f636bec07eb153049f8b2b586f96\" style=\"color:#0f0f0f\">Nous sommes <a href=\"https:\/\/www.google.com\/maps\/place\/La+Danasha+-+Chambres+d'h%C3%B4tes+de+charme+pr%C3%A8s+de+Sully-sur-Loire\/@47.7246189,2.2904619,17z\/data=!4m9!3m8!1s0x47e53fa075b26e5f:0x476db8f55315690!5m2!4m1!1i2!8m2!3d47.7246189!4d2.2930368!16s%2Fg%2F11wx8pv9f9?entry=ttu&amp;g_ep=EgoyMDI1MDkzMC4wIKXMDSoASAFQAw%3D%3D\" title=\"situ\u00e9s\">situ\u00e9s<\/a> en r\u00e9gion Centre-Val de Loire, \u00e0 2h au sud de Paris, 40min au sud-est d'Orl\u00e9ans, 35min \u00e0 l'ouest de Gien et 30 min au nord de Lamotte-Beuvron.<\/p>\n\n\n\n<p>La Danasha est id\u00e9alement situ\u00e9e pour un week-end d'escapade hors de la r\u00e9gion parisienne, une petite escale sur la route des vacances... ou encore une exploration en profondeur de notre incroyable r\u00e9gion, entre Loire et Sologne!<\/p>\n\n\n\n<p class=\"has-text-color has-link-color has-medium-font-size wp-elements-3c694ebb6b7fcc1f6bccbf3aab973792\" style=\"color:#0f0f0f\">Les autoroutes les plus proches sont les suivantes: <\/p>\n\n\n\n<p class=\"has-text-color has-link-color has-medium-font-size wp-elements-92123310625682180e6f9ab3324a28a2\" style=\"color:#0f0f0f\">A71&nbsp;Orl\u00e9ans \u2013&gt; Vierzon \u2013&gt; Bourges<\/p>\n\n\n\n<p class=\"has-text-color has-link-color has-medium-font-size wp-elements-3498ffb7a235dd6cea73e864f1c44d7e\" style=\"color:#0f0f0f\">A10 Orl\u00e9ans  \u2013&gt; Paris <\/p>\n\n\n\n<p class=\"has-text-color has-link-color has-medium-font-size wp-elements-f1ad04693c07c8f9d9060d47e636844a\" style=\"color:#0f0f0f\">A77 Paris \u2013> Montargis \u2013> Gien \u2013> Nevers <br><br>Adresse: 193 Chemin des Champs \u2013 45600 Viglain<\/p>\n\n\n\n<p class=\"has-medium-font-size\">Coordonn\u00e9es: 47.72466939178953, 2.292929508634463<\/p>\n\n\n\n<figure class=\"wp-block-image size-full is-resized\"><img loading=\"lazy\" decoding=\"async\" width=\"670\" height=\"627\" src=\"https:\/\/ladanasha.com\/wp-content\/uploads\/2025\/03\/Localisation-La-Danasha.jpg\" alt=\"\" class=\"wp-image-481\" style=\"width:402px;height:auto\" srcset=\"https:\/\/ladanasha.com\/wp-content\/uploads\/2025\/03\/Localisation-La-Danasha.jpg 670w, https:\/\/ladanasha.com\/wp-content\/uploads\/2025\/03\/Localisation-La-Danasha-300x281.jpg 300w, https:\/\/ladanasha.com\/wp-content\/uploads\/2025\/03\/Localisation-La-Danasha-13x12.jpg 13w\" sizes=\"auto, (max-width: 670px) 100vw, 670px\" \/><\/figure>\n\n\n\n<ul class=\"wp-block-list\">\n<li class=\"has-hedvig-letters-serif-regular-font-family\"><strong>En voiture:<\/strong>Nous sommes \u00e0 2h au sud de Paris via l'A10 ou l'A6 (depuis la porte de Versailles). Vous pouvez cependant aussi prendre un itin\u00e9raire sans p\u00e9age en passant par Melun, Nemours et Bellegarde (via la for\u00eat de Fontainebleau), pour seulement une vingtaine de minutes de plus.<\/li>\n\n\n\n<li class=\"has-hedvig-letters-serif-regular-font-family\"><strong>En train<\/strong>: trois gares SNCF sont \u00e0 moins de 40min de route: Gien (35min), St-Cyr en Val-La Source (25min) ou Lamotte-Beuvron (30min). (Nous pouvons venir vous chercher sur demande, contre suppl\u00e9ment). <\/li>\n\n\n\n<li class=\"has-hedvig-letters-serif-regular-font-family\">Pendant l'\u00e9t\u00e9, vous pouvez embarquer \u00e0 bord d'un train depuis Paris gare d'Austerlitz (v\u00e9rifiez l'accessibilit\u00e9 au pr\u00e9alable) pour Orl\u00e9ans, et ensuite monter \u00e0 bord d'un car R\u00e9mi (toujours avec votre v\u00e9lo) jusqu'\u00e0 Sully-sur-Loire, et, hop: vous n'\u00eates plus qu'\u00e0 7km de La Danasha! <a data-type=\"link\" data-id=\"https:\/\/www.remi-centrevaldeloire.fr\/tourisme-offre-velo\/offre-velos-cars\/\" href=\"https:\/\/www.remi-centrevaldeloire.fr\/tourisme-offre-velo\/offre-velos-cars\/\">Voir ceci<\/a> for more information. <\/li>\n<\/ul>\n\n\n\n<figure class=\"wp-block-image size-full\"><img loading=\"lazy\" decoding=\"async\" width=\"785\" height=\"692\" src=\"https:\/\/ladanasha.com\/wp-content\/uploads\/2025\/04\/image.png\" alt=\"\" class=\"wp-image-534\" srcset=\"https:\/\/ladanasha.com\/wp-content\/uploads\/2025\/04\/image.png 785w, https:\/\/ladanasha.com\/wp-content\/uploads\/2025\/04\/image-300x264.png 300w, https:\/\/ladanasha.com\/wp-content\/uploads\/2025\/04\/image-768x677.png 768w, https:\/\/ladanasha.com\/wp-content\/uploads\/2025\/04\/image-14x12.png 14w\" sizes=\"auto, (max-width: 785px) 100vw, 785px\" \/><\/figure>\n\n\n\n<p class=\"has-large-font-size\">La Danasha <\/p>\n\n\n\n<p>Nous sommes Natacha et Daniel, deux consultants senior venus habiter \u00e0 Viglain en 2022 apr\u00e8s avoir v\u00e9cu 20 ans \u00e0 Paris et Londres. Nous avons eu le coup de foudre pour ce lieu quand nous l'avons visit\u00e9 pour la premi\u00e8re fois, en 2015, alors que nous cherchions une maison de campagne \u00e0 une distance raisonnable de notre lieu de r\u00e9sidence, en r\u00e9gion parisienne.<\/p>\n\n\n\n<p>Nous avons achet\u00e9 la maison en 2016 \u00e0 son propri\u00e9taire, qui \u00e9tait marbrier et qui avait r\u00e9nov\u00e9 lui-m\u00eame cette ancienne ferme du 19e si\u00e8cle. Il a fait construire les deux maisonnettes dans lesquelles nous vous accueillons \u00e0 pr\u00e9sent.<\/p>\n\n\n\n<p>Ce qui nous a charm\u00e9s, c'est la nature environnante mais aussi le fait qu'il ait sculpt\u00e9 lui-m\u00eame de nombreux ouvrages pr\u00e9sents dans la propri\u00e9t\u00e9. \n\nOn y ressentait aussi la vibration si particuli\u00e8re d'une maison de campagne o\u00f9 une famille s'\u00e9tait r\u00e9unie r\u00e9guli\u00e8rement et avait v\u00e9cu de nombreux moments festifs et heureux - une maison plaisir, en somme!<\/p>\n\n\n\n<p>Nous voulons partager ce plaisir avec vous en vous proposant un lieu confortable et relaxant d'o\u00f9 vous pouvez explorer cette belle r\u00e9gion mais aussi vous reconnecter avec la nature, ou pratiquer les activit\u00e9s de votre choix: kayak sur la Loire, visite de ch\u00e2teaux, cyclisme, randonn\u00e9e ou golf, entre autres.<\/p>\n\n\n\n<p>Venez nous voir!<br><br><br><\/p>\n\n\n\n<div class=\"wp-block-group alignfull has-background-color has-white-color has-text-color has-background has-link-color wp-elements-779b0727e3c857da2a2b4d12cfb89281 is-vertical is-content-justification-stretch is-layout-flex wp-container-core-group-is-layout-48a3dbfb wp-block-group-is-layout-flex\" style=\"background-color:#0000006e;min-height:40vh;margin-top:0;margin-bottom:0;padding-top:var(--wp--preset--spacing--60);padding-right:var(--wp--preset--spacing--40);padding-bottom:var(--wp--preset--spacing--60);padding-left:var(--wp--preset--spacing--40)\">\n<div class=\"wp-block-columns alignwide has-small-font-size is-layout-flex wp-container-core-columns-is-layout-28f84493 wp-block-columns-is-layout-flex\">\n<div class=\"wp-block-column is-layout-flow wp-block-column-is-layout-flow\">\n<p class=\"has-text-align-center\">193 Chemin des Champs<br>Lieu-dit Les Champs <br>45600 Viglain <br>France<br><br>ladanashabb@gmail.com<br>+33(0)607219051<\/p>\n\n\n\n<p class=\"has-text-align-center\">Terms and conditions <\/p>\n\n\n\n<div style=\"height:24px\" aria-hidden=\"true\" class=\"wp-block-spacer\"><\/div>\n<\/div>\n\n\n\n<div class=\"wp-block-column is-layout-flow wp-block-column-is-layout-flow\"><nav class=\"has-small-font-size items-justified-center is-vertical no-wrap wp-block-navigation is-content-justification-center is-nowrap is-layout-flex wp-container-core-navigation-is-layout-34a3ecb2 wp-block-navigation-is-layout-flex\" aria-label=\"Navigation\"><ul class=\"wp-block-navigation__container has-small-font-size items-justified-center is-vertical no-wrap wp-block-navigation has-small-font-size\"><li class=\"has-small-font-size wp-block-navigation-item wp-block-navigation-link has-medium-font-size has-hedvig-letters-serif-regular-font-family\"><a class=\"wp-block-navigation-item__content\"  href=\"https:\/\/ladanasha.com\/fr\/?page_id=43\"><span class=\"wp-block-navigation-item__label\">Chambres et repas<\/span><\/a><\/li><li class=\"has-small-font-size wp-block-navigation-item wp-block-navigation-link has-medium-font-size has-hedvig-letters-serif-regular-font-family\"><a class=\"wp-block-navigation-item__content\"  href=\"https:\/\/ladanasha.com\/fr\/we-love-our-stunning-pool-so-will-you\/\"><span class=\"wp-block-navigation-item__label\">Notre piscine<\/span><\/a><\/li><li data-wp-context=\"{ &quot;submenuOpenedBy&quot;: { &quot;click&quot;: false, &quot;hover&quot;: false, &quot;focus&quot;: false }, &quot;type&quot;: &quot;submenu&quot;, &quot;modal&quot;: null, &quot;previousFocus&quot;: null }\" data-wp-interactive=\"core\/navigation\" data-wp-on--focusout=\"actions.handleMenuFocusout\" data-wp-on--keydown=\"actions.handleMenuKeydown\" data-wp-on--mouseenter=\"actions.openMenuOnHover\" data-wp-on--mouseleave=\"actions.closeMenuOnHover\" data-wp-watch=\"callbacks.initMenu\" tabindex=\"-1\" class=\"wp-block-navigation-item has-small-font-size has-child open-on-hover-click wp-block-navigation-submenu has-medium-font-size has-hedvig-letters-serif-regular-font-family\"><a class=\"wp-block-navigation-item__content\" href=\"https:\/\/ladanasha.com\/fr\/directions\/\"><span class=\"wp-block-navigation-item__label\">Acc\u00e8s<\/span><\/a><button data-wp-bind--aria-expanded=\"state.isMenuOpen\" data-wp-on--click=\"actions.toggleMenuOnClick\" aria-label=\"Sous-menu Directions\" class=\"wp-block-navigation__submenu-icon wp-block-navigation-submenu__toggle\" ><svg xmlns=\"http:\/\/www.w3.org\/2000\/svg\" width=\"12\" height=\"12\" viewbox=\"0 0 12 12\" fill=\"none\" aria-hidden=\"true\" focusable=\"false\"><path d=\"M1.50002 4L6.00002 8L10.5 4\" stroke-width=\"1.5\"><\/path><\/svg><\/button><ul data-wp-on--focus=\"actions.openMenuOnFocus\" class=\"wp-block-navigation__submenu-container wp-block-navigation-submenu has-medium-font-size has-hedvig-letters-serif-regular-font-family\"><\/ul><\/li><li class=\"has-small-font-size wp-block-navigation-item wp-block-navigation-link has-medium-font-size has-hedvig-letters-serif-regular-font-family\"><a class=\"wp-block-navigation-item__content\"  href=\"https:\/\/ladanasha.com\/fr\/five-things-to-do-and-see-around-la-danasha\/\"><span class=\"wp-block-navigation-item__label\">Explorez<\/span><\/a><\/li><\/ul><\/nav><\/div>\n\n\n\n<div class=\"wp-block-column is-layout-flow wp-block-column-is-layout-flow\">\n<p class=\"has-text-align-center\">Suivez-nous sur:<\/p>\n\n\n\n<div class=\"wp-block-group is-vertical is-content-justification-center is-layout-flex wp-container-core-group-is-layout-0e868306 wp-block-group-is-layout-flex\">\n<p><a href=\"https:\/\/www.facebook.com\/profile.php?id=61575812978852\" data-type=\"link\" data-id=\"https:\/\/www.facebook.com\/profile.php?id=61575812978852\">Facebook<\/a><\/p>\n\n\n\n<p><a href=\"https:\/\/www.instagram.com\/la_danasha_bedandbreakfast\/\" data-type=\"link\" data-id=\"https:\/\/www.instagram.com\/la_danasha_bedandbreakfast\/\">Instagram<\/a><br><br>Linked In<\/p>\n\n\n\n<p><\/p>\n<\/div>\n<\/div>\n<\/div>\n\n\n\n<div class=\"wp-block-group alignwide is-content-justification-center is-layout-flex wp-container-core-group-is-layout-c124d1c4 wp-block-group-is-layout-flex\">\n<p class=\"has-text-align-center has-small-font-size\"> Proudly powered by <a rel=\"nofollow\" href=\"https:\/\/wordpress.org\">WordPress<\/a> <\/p>\n<\/div>\n<\/div>","protected":false},"excerpt":{"rendered":"<p>Here&#8217;s how to reach us We are located in central France, 2 hours south of Paris, 40min south-east of Orl\u00e9ans, 35min west of Gien and 30min north of Lamotte-Beuvron. La Danasha B&amp;B is ideally placed for a short holiday or weekend out of Paris, a delightful stop en route when you are driving through France&#8230; [&hellip;]<\/p>\n","protected":false},"author":1,"featured_media":0,"parent":0,"menu_order":0,"comment_status":"closed","ping_status":"closed","template":"","meta":{"om_disable_all_campaigns":false,"_monsterinsights_skip_tracking":false,"_monsterinsights_sitenote_active":false,"_monsterinsights_sitenote_note":"","_monsterinsights_sitenote_category":0,"footnotes":""},"class_list":["post-367","page","type-page","status-publish","hentry"],"aioseo_notices":[],"_links":{"self":[{"href":"https:\/\/ladanasha.com\/fr\/wp-json\/wp\/v2\/pages\/367","targetHints":{"allow":["GET"]}}],"collection":[{"href":"https:\/\/ladanasha.com\/fr\/wp-json\/wp\/v2\/pages"}],"about":[{"href":"https:\/\/ladanasha.com\/fr\/wp-json\/wp\/v2\/types\/page"}],"author":[{"embeddable":true,"href":"https:\/\/ladanasha.com\/fr\/wp-json\/wp\/v2\/users\/1"}],"replies":[{"embeddable":true,"href":"https:\/\/ladanasha.com\/fr\/wp-json\/wp\/v2\/comments?post=367"}],"version-history":[{"count":25,"href":"https:\/\/ladanasha.com\/fr\/wp-json\/wp\/v2\/pages\/367\/revisions"}],"predecessor-version":[{"id":1034,"href":"https:\/\/ladanasha.com\/fr\/wp-json\/wp\/v2\/pages\/367\/revisions\/1034"}],"wp:attachment":[{"href":"https:\/\/ladanasha.com\/fr\/wp-json\/wp\/v2\/media?parent=367"}],"curies":[{"name":"wp","href":"https:\/\/api.w.org\/{rel}","templated":true}]}}