{"id":937,"date":"2025-09-24T16:24:51","date_gmt":"2025-09-24T14:24:51","guid":{"rendered":"https:\/\/ladanasha.com\/?page_id=937"},"modified":"2025-12-09T13:17:57","modified_gmt":"2025-12-09T12:17:57","slug":"we-love-our-stunning-pool-so-will-you","status":"publish","type":"page","link":"https:\/\/ladanasha.com\/fr\/we-love-our-stunning-pool-so-will-you\/","title":{"rendered":"We love our stunning pool! So will you."},"content":{"rendered":"<p><\/p>\n\n\n\n<div class=\"wp-block-cover alignfull\" style=\"min-height:341px;aspect-ratio:unset;\"><img loading=\"lazy\" decoding=\"async\" width=\"1024\" height=\"584\" class=\"wp-block-cover__image-background wp-image-962 size-large\" alt=\"\" src=\"https:\/\/ladanasha.com\/wp-content\/uploads\/2025\/09\/Piscine-foret-croppee-3-1024x584.jpg\" data-object-fit=\"cover\" srcset=\"https:\/\/ladanasha.com\/wp-content\/uploads\/2025\/09\/Piscine-foret-croppee-3-1024x584.jpg 1024w, https:\/\/ladanasha.com\/wp-content\/uploads\/2025\/09\/Piscine-foret-croppee-3-300x171.jpg 300w, https:\/\/ladanasha.com\/wp-content\/uploads\/2025\/09\/Piscine-foret-croppee-3-768x438.jpg 768w, https:\/\/ladanasha.com\/wp-content\/uploads\/2025\/09\/Piscine-foret-croppee-3-1536x876.jpg 1536w, https:\/\/ladanasha.com\/wp-content\/uploads\/2025\/09\/Piscine-foret-croppee-3-18x10.jpg 18w, https:\/\/ladanasha.com\/wp-content\/uploads\/2025\/09\/Piscine-foret-croppee-3.jpg 1791w\" sizes=\"auto, (max-width: 1024px) 100vw, 1024px\" \/><span aria-hidden=\"true\" class=\"wp-block-cover__background has-background-dim-0 has-background-dim\" style=\"background-color:#738578\"><\/span><div class=\"wp-block-cover__inner-container has-global-padding is-layout-constrained wp-block-cover-is-layout-constrained\">\n<p class=\"has-text-align-center has-x-large-font-size\">Notre piscine et La Danasha<\/p>\n<\/div><\/div>\n\n\n\n<h2 class=\"wp-block-heading has-hedvig-letters-serif-regular-font-family\">Notre piscine<\/h2>\n\n\n\n<p class=\"has-hedvig-letters-serif-regular-font-family\">Soyons honn\u00eates: nous <em>adorons<\/em> notre piscine chauff\u00e9e. Elle mesure 10m de long x 5m de large et dispose \u00e0 la fois d'une zone peu profonde et d'une zone \u00e0 2m de profondeur.<\/p>\n\n\n\n<p class=\"has-hedvig-letters-serif-regular-font-family\">Chaque h\u00f4te dispose d'une chaise longue, d'un peu d'ombre et d'une serviette pour la piscine.<\/p>\n\n\n\n<div class=\"wp-block-group is-nowrap is-layout-flex wp-container-core-group-is-layout-6c531013 wp-block-group-is-layout-flex\">\n<blockquote class=\"wp-block-quote is-layout-flow wp-block-quote-is-layout-flow\">\n<p>&#8216;<em>'L'environnement est calme, beau et la piscine est superbe. Un petit coin de paradis, ici, en France... Pour votre plaisir.<\/em>' - un h\u00f4te (avis Google, ao\u00fbt 2025)<\/p>\n<\/blockquote>\n<\/div>\n\n\n\n<figure class=\"wp-block-image size-large is-resized has-custom-border\"><img loading=\"lazy\" decoding=\"async\" width=\"768\" height=\"1024\" src=\"https:\/\/ladanasha.com\/wp-content\/uploads\/2025\/09\/Piscine-aout-2025-768x1024.jpg\" alt=\"\" class=\"wp-image-941\" style=\"border-width:2px;border-radius:100px;width:384px;height:auto\" srcset=\"https:\/\/ladanasha.com\/wp-content\/uploads\/2025\/09\/Piscine-aout-2025-768x1024.jpg 768w, https:\/\/ladanasha.com\/wp-content\/uploads\/2025\/09\/Piscine-aout-2025-225x300.jpg 225w, https:\/\/ladanasha.com\/wp-content\/uploads\/2025\/09\/Piscine-aout-2025-1152x1536.jpg 1152w, https:\/\/ladanasha.com\/wp-content\/uploads\/2025\/09\/Piscine-aout-2025-9x12.jpg 9w, https:\/\/ladanasha.com\/wp-content\/uploads\/2025\/09\/Piscine-aout-2025.jpg 1500w\" sizes=\"auto, (max-width: 768px) 100vw, 768px\" \/><figcaption class=\"wp-element-caption\">La piscine, des chaises longues et tout au bout, Le Perchoir <\/figcaption><\/figure>\n\n\n\n<p>La piscine est en service de mai \u00e0 septembre. Elle est g\u00e9n\u00e9ralement ouverte, en juillet-ao\u00fbt, de 9h \u00e0 22h (voire au-del\u00e0 par grande chaleur).<\/p>\n\n\n\n<figure class=\"wp-block-image aligncenter size-large is-resized has-custom-border\"><img loading=\"lazy\" decoding=\"async\" width=\"1024\" height=\"720\" src=\"https:\/\/ladanasha.com\/wp-content\/uploads\/2025\/09\/Longere-palmier-soleil-1-1024x720.jpg\" alt=\"\" class=\"wp-image-967\" style=\"border-width:2px;border-radius:82px;width:530px;height:auto\" srcset=\"https:\/\/ladanasha.com\/wp-content\/uploads\/2025\/09\/Longere-palmier-soleil-1-1024x720.jpg 1024w, https:\/\/ladanasha.com\/wp-content\/uploads\/2025\/09\/Longere-palmier-soleil-1-300x211.jpg 300w, https:\/\/ladanasha.com\/wp-content\/uploads\/2025\/09\/Longere-palmier-soleil-1-768x540.jpg 768w, https:\/\/ladanasha.com\/wp-content\/uploads\/2025\/09\/Longere-palmier-soleil-1-1536x1079.jpg 1536w, https:\/\/ladanasha.com\/wp-content\/uploads\/2025\/09\/Longere-palmier-soleil-1-18x12.jpg 18w, https:\/\/ladanasha.com\/wp-content\/uploads\/2025\/09\/Longere-palmier-soleil-1.jpg 1927w\" sizes=\"auto, (max-width: 1024px) 100vw, 1024px\" \/><figcaption class=\"wp-element-caption\">Une vue depuis la piscine o\u00f9 domine Gonzales, notre palmier senior. <\/figcaption><\/figure>\n\n\n\n<p>Les enfants sont les bienvenus dans la piscine. Toutefois, ils doivent toujours \u00eatre sous la responsabilit\u00e9 de leurs parents et respecter la tranquillit\u00e9 des autres h\u00f4tes. <\/p>\n\n\n\n<p>Pour cette raison, nous n'autorisons pas la diffusion de musique en bord de piscine ni les jeux de ballon en pr\u00e9sence d'autres h\u00f4tes.<\/p>\n\n\n\n<p>Nagez ou allongez-vous avec un bon livre, \u00e9coutez le vent dans les arbres, les oiseaux ou (le soir) les grenouilles... <\/p>\n\n\n\n<p>Et s'il fait assez bon pour rester jusqu'au coucher du soleil, vous aurez peut-\u00eatre la chance de voir des pipistrelles faire les loopings au-dessus de vous - c'est leur \u00e9chauffement avant de d\u00e9buter leur 'journ\u00e9e'.<\/p>\n\n\n\n<div class=\"wp-block-buttons is-layout-flex wp-block-buttons-is-layout-flex\">\n<div class=\"wp-block-button\"><a class=\"wp-block-button__link has-text-color has-background has-link-color has-hedvig-letters-serif-regular-font-family wp-element-button\" href=\"https:\/\/ladanasha.com\/fr\/contact-us\/\" style=\"color:#050505;background-color:#e3e3e3\">Contactez-nous pour plus de d\u00e9tails.<\/a><\/div>\n<\/div>\n\n\n\n<h2 class=\"wp-block-heading has-hedvig-letters-serif-regular-font-family\">La Danasha<\/h2>\n\n\n\n<p>Le b\u00e2timent principal de La Danasha, o\u00f9 se trouve le Boudoir, est une ferme r\u00e9nov\u00e9e de la fin du XIXe si\u00e8cle. Les d\u00e9pendances du Perchoir et de la Maisonnette ont \u00e9t\u00e9 ajout\u00e9es plus tard, dans les ann\u00e9es 80. <\/p>\n\n\n\n<figure class=\"wp-block-image size-full has-custom-border\"><img loading=\"lazy\" decoding=\"async\" width=\"615\" height=\"262\" src=\"https:\/\/ladanasha.com\/wp-content\/uploads\/2025\/10\/Plan-aerien-la-Danasha-capture-1.jpg\" alt=\"\" class=\"wp-image-1029\" style=\"border-width:2px;border-radius:53px\" srcset=\"https:\/\/ladanasha.com\/wp-content\/uploads\/2025\/10\/Plan-aerien-la-Danasha-capture-1.jpg 615w, https:\/\/ladanasha.com\/wp-content\/uploads\/2025\/10\/Plan-aerien-la-Danasha-capture-1-300x128.jpg 300w, https:\/\/ladanasha.com\/wp-content\/uploads\/2025\/10\/Plan-aerien-la-Danasha-capture-1-18x8.jpg 18w\" sizes=\"auto, (max-width: 615px) 100vw, 615px\" \/><\/figure>\n\n\n\n<p class=\"translation-block\">S\u00e9journez \u00e0 la Danasha en famille ou entre amis! Si vous r\u00e9servez les trois chambres, vous aurez la piscine et le jardin rien que pour vous.<\/p>\n\n\n\n<figure class=\"wp-block-image size-large has-custom-border\"><img loading=\"lazy\" decoding=\"async\" width=\"1024\" height=\"768\" src=\"https:\/\/ladanasha.com\/wp-content\/uploads\/2025\/12\/Cuisine-dete-1024x768.jpeg\" alt=\"\" class=\"wp-image-1142\" style=\"border-width:2px;border-top-left-radius:100px;border-top-right-radius:100px;border-bottom-left-radius:100px;border-bottom-right-radius:100px\" srcset=\"https:\/\/ladanasha.com\/wp-content\/uploads\/2025\/12\/Cuisine-dete-1024x768.jpeg 1024w, https:\/\/ladanasha.com\/wp-content\/uploads\/2025\/12\/Cuisine-dete-300x225.jpeg 300w, https:\/\/ladanasha.com\/wp-content\/uploads\/2025\/12\/Cuisine-dete-768x576.jpeg 768w, https:\/\/ladanasha.com\/wp-content\/uploads\/2025\/12\/Cuisine-dete-1536x1152.jpeg 1536w, https:\/\/ladanasha.com\/wp-content\/uploads\/2025\/12\/Cuisine-dete-16x12.jpeg 16w, https:\/\/ladanasha.com\/wp-content\/uploads\/2025\/12\/Cuisine-dete.jpeg 2000w\" sizes=\"auto, (max-width: 1024px) 100vw, 1024px\" \/><\/figure>","protected":false},"excerpt":{"rendered":"<p>Our pool Let&#8217;s face it: we love our heated swimming pool. It is 10m long x 5m wide. It has both a shallow area and a deep area. Every guest enjoys the comfort of a deck chair with some shade and a towel specifically for the pool. &#8216;The surroundings are quiet, beautiful and the pool [&hellip;]<\/p>\n","protected":false},"author":1,"featured_media":0,"parent":0,"menu_order":0,"comment_status":"closed","ping_status":"closed","template":"","meta":{"om_disable_all_campaigns":false,"_monsterinsights_skip_tracking":false,"_monsterinsights_sitenote_active":false,"_monsterinsights_sitenote_note":"","_monsterinsights_sitenote_category":0,"footnotes":""},"class_list":["post-937","page","type-page","status-publish","hentry"],"aioseo_notices":[],"_links":{"self":[{"href":"https:\/\/ladanasha.com\/fr\/wp-json\/wp\/v2\/pages\/937","targetHints":{"allow":["GET"]}}],"collection":[{"href":"https:\/\/ladanasha.com\/fr\/wp-json\/wp\/v2\/pages"}],"about":[{"href":"https:\/\/ladanasha.com\/fr\/wp-json\/wp\/v2\/types\/page"}],"author":[{"embeddable":true,"href":"https:\/\/ladanasha.com\/fr\/wp-json\/wp\/v2\/users\/1"}],"replies":[{"embeddable":true,"href":"https:\/\/ladanasha.com\/fr\/wp-json\/wp\/v2\/comments?post=937"}],"version-history":[{"count":25,"href":"https:\/\/ladanasha.com\/fr\/wp-json\/wp\/v2\/pages\/937\/revisions"}],"predecessor-version":[{"id":1146,"href":"https:\/\/ladanasha.com\/fr\/wp-json\/wp\/v2\/pages\/937\/revisions\/1146"}],"wp:attachment":[{"href":"https:\/\/ladanasha.com\/fr\/wp-json\/wp\/v2\/media?parent=937"}],"curies":[{"name":"wp","href":"https:\/\/api.w.org\/{rel}","templated":true}]}}